{"id":1462,"date":"2025-04-18T15:05:33","date_gmt":"2025-04-18T13:05:33","guid":{"rendered":"https:\/\/mertz-design.dk\/?post_type=product&#038;p=1462"},"modified":"2025-04-18T15:06:42","modified_gmt":"2025-04-18T13:06:42","slug":"series-7-cover-cowhide-beige-white","status":"publish","type":"product","link":"https:\/\/www.mertz-design.dk\/en\/product\/series-7-cover-cowhide-beige-white\/","title":{"rendered":"Series 7 Cover &#8211; Cowhide Beige\/White"},"content":{"rendered":"<p><strong>Syver Stolebetr\u00e6k \u2013 Beige\/Hvid Koskind L\u00e6der<\/strong><\/p>\n<p>Giv din 7er-stol et eksklusivt nyt udtryk med dette h\u00e5ndlavede overtr\u00e6k i premium semi-anilin l\u00e6der. Det er designet i \u00e9t ubrudt stykke l\u00e6der for et elegant og autentisk look, mens de diskrete lynl\u00e5se langs rygl\u00e6nets kanter sikrer en flot pasform og nem montering \u2013 helt uden brug af v\u00e6rkt\u00f8j.<\/p>\n<p>Betr\u00e6kket er monteret med indbygget skumgummi p\u00e5 b\u00e5de s\u00e6de og ryg, hvilket forbedrer siddekomforten markant uden at \u00e6ndre stolens ikoniske design. Det beskytter samtidig din stol mod slitage og ridser, s\u00e5 den holder sig flot i mange \u00e5r.<\/p>\n<p>\u2714 <strong>Eksklusivt design<\/strong> \u2013 \u00c9t ubrudt stykke l\u00e6der for en stilren finish.<br \/>\n\u2714 <strong>Maksimal komfort<\/strong> \u2013 Skumgummi p\u00e5 s\u00e6de og ryg giver ekstra st\u00f8tte.<br \/>\n\u2714 <strong>Nem montering<\/strong> \u2013 Lynl\u00e5se i siden sikrer hurtig og enkel montering.<\/p>\n<p>Betr\u00e6kket passer til 7er-stolen uden polstring og leveres med en grafisk monteringsvejledning.<\/p>","protected":false},"excerpt":{"rendered":"<p>Beskyt og forny din 7er-stol med et elegant l\u00e6derbetr\u00e6k i f\u00f8rsteklasses kvalitet. Designet til at bevare stolens ikoniske udtryk og tilf\u00f8je ekstra komfort. Nem montering uden v\u00e6rkt\u00f8j. Dansk design af Mertz-Design ApS.<\/p>","protected":false},"featured_media":553,"comment_status":"closed","ping_status":"closed","template":"","meta":{"_acf_changed":false},"product_cat":[144,108],"product_tag":[],"class_list":{"0":"post-1462","1":"product","2":"type-product","3":"status-publish","4":"has-post-thumbnail","6":"product_cat-cowhide-covers-en","7":"product_cat-series-7","8":"pa_farve-beige","9":"pa_materialer-premium-laeder","10":"pa_materialer-moebelskumgummi","12":"first","13":"instock","14":"taxable","15":"shipping-taxable","16":"purchasable","17":"product-type-simple","swatches":"rey-swatches","show_selected":""},"acf":[],"yoast_head":"<!-- This site is optimized with the Yoast SEO plugin v27.5 - https:\/\/yoast.com\/product\/yoast-seo-wordpress\/ -->\n<title>Series 7 Cover - Cowhide Beige\/White - Mertz Design<\/title>\n<meta name=\"robots\" content=\"index, follow, max-snippet:-1, max-image-preview:large, max-video-preview:-1\" \/>\n<link rel=\"canonical\" href=\"https:\/\/www.mertz-design.dk\/en\/product\/series-7-cover-cowhide-beige-white\/\" \/>\n<meta property=\"og:locale\" content=\"en_US\" \/>\n<meta property=\"og:type\" content=\"article\" \/>\n<meta property=\"og:title\" content=\"Series 7 Cover - Cowhide Beige\/White - Mertz Design\" \/>\n<meta property=\"og:description\" content=\"Beskyt og forny din 7er-stol med et elegant l\u00e6derbetr\u00e6k i f\u00f8rsteklasses kvalitet. Designet til at bevare stolens ikoniske udtryk og tilf\u00f8je ekstra komfort. Nem montering uden v\u00e6rkt\u00f8j. Dansk design af Mertz-Design ApS.\" \/>\n<meta property=\"og:url\" content=\"https:\/\/www.mertz-design.dk\/en\/product\/series-7-cover-cowhide-beige-white\/\" \/>\n<meta property=\"og:site_name\" content=\"Mertz Design\" \/>\n<meta property=\"article:modified_time\" content=\"2025-04-18T13:06:42+00:00\" \/>\n<meta property=\"og:image\" content=\"https:\/\/www.mertz-design.dk\/wp-content\/uploads\/2025\/02\/cow_beige_premium_mertz_cover_loose_front.jpg\" \/>\n\t<meta property=\"og:image:width\" content=\"1200\" \/>\n\t<meta property=\"og:image:height\" content=\"1200\" \/>\n\t<meta property=\"og:image:type\" content=\"image\/jpeg\" \/>\n<meta name=\"twitter:card\" content=\"summary_large_image\" \/>\n<meta name=\"twitter:label1\" content=\"Est. reading time\" \/>\n\t<meta name=\"twitter:data1\" content=\"1 minute\" \/>\n<script type=\"application\/ld+json\" class=\"yoast-schema-graph\">{\"@context\":\"https:\\\/\\\/schema.org\",\"@graph\":[{\"@type\":\"WebPage\",\"@id\":\"https:\\\/\\\/www.mertz-design.dk\\\/en\\\/product\\\/series-7-cover-cowhide-beige-white\\\/\",\"url\":\"https:\\\/\\\/www.mertz-design.dk\\\/en\\\/product\\\/series-7-cover-cowhide-beige-white\\\/\",\"name\":\"Series 7 Cover - Cowhide Beige\\\/White - Mertz Design\",\"isPartOf\":{\"@id\":\"https:\\\/\\\/www.mertz-design.dk\\\/en\\\/#website\"},\"primaryImageOfPage\":{\"@id\":\"https:\\\/\\\/www.mertz-design.dk\\\/en\\\/product\\\/series-7-cover-cowhide-beige-white\\\/#primaryimage\"},\"image\":{\"@id\":\"https:\\\/\\\/www.mertz-design.dk\\\/en\\\/product\\\/series-7-cover-cowhide-beige-white\\\/#primaryimage\"},\"thumbnailUrl\":\"https:\\\/\\\/www.mertz-design.dk\\\/wp-content\\\/uploads\\\/2025\\\/02\\\/cow_beige_premium_mertz_cover_loose_front.jpg\",\"datePublished\":\"2025-04-18T13:05:33+00:00\",\"dateModified\":\"2025-04-18T13:06:42+00:00\",\"breadcrumb\":{\"@id\":\"https:\\\/\\\/www.mertz-design.dk\\\/en\\\/product\\\/series-7-cover-cowhide-beige-white\\\/#breadcrumb\"},\"inLanguage\":\"en-US\",\"potentialAction\":[{\"@type\":\"ReadAction\",\"target\":[\"https:\\\/\\\/www.mertz-design.dk\\\/en\\\/product\\\/series-7-cover-cowhide-beige-white\\\/\"]}]},{\"@type\":\"ImageObject\",\"inLanguage\":\"en-US\",\"@id\":\"https:\\\/\\\/www.mertz-design.dk\\\/en\\\/product\\\/series-7-cover-cowhide-beige-white\\\/#primaryimage\",\"url\":\"https:\\\/\\\/www.mertz-design.dk\\\/wp-content\\\/uploads\\\/2025\\\/02\\\/cow_beige_premium_mertz_cover_loose_front.jpg\",\"contentUrl\":\"https:\\\/\\\/www.mertz-design.dk\\\/wp-content\\\/uploads\\\/2025\\\/02\\\/cow_beige_premium_mertz_cover_loose_front.jpg\",\"width\":1200,\"height\":1200},{\"@type\":\"BreadcrumbList\",\"@id\":\"https:\\\/\\\/www.mertz-design.dk\\\/en\\\/product\\\/series-7-cover-cowhide-beige-white\\\/#breadcrumb\",\"itemListElement\":[{\"@type\":\"ListItem\",\"position\":1,\"name\":\"Home\",\"item\":\"https:\\\/\\\/www.mertz-design.dk\\\/en\\\/home\\\/\"},{\"@type\":\"ListItem\",\"position\":2,\"name\":\"Store\",\"item\":\"https:\\\/\\\/www.mertz-design.dk\\\/?page_id=125\"},{\"@type\":\"ListItem\",\"position\":3,\"name\":\"Series 7 Cover &#8211; Cowhide Beige\\\/White\"}]},{\"@type\":\"WebSite\",\"@id\":\"https:\\\/\\\/www.mertz-design.dk\\\/en\\\/#website\",\"url\":\"https:\\\/\\\/www.mertz-design.dk\\\/en\\\/\",\"name\":\"Mertz Design\",\"description\":\"\",\"publisher\":{\"@id\":\"https:\\\/\\\/www.mertz-design.dk\\\/en\\\/#organization\"},\"potentialAction\":[{\"@type\":\"SearchAction\",\"target\":{\"@type\":\"EntryPoint\",\"urlTemplate\":\"https:\\\/\\\/www.mertz-design.dk\\\/en\\\/?s={search_term_string}\"},\"query-input\":{\"@type\":\"PropertyValueSpecification\",\"valueRequired\":true,\"valueName\":\"search_term_string\"}}],\"inLanguage\":\"en-US\"},{\"@type\":\"Organization\",\"@id\":\"https:\\\/\\\/www.mertz-design.dk\\\/en\\\/#organization\",\"name\":\"Mertz Design\",\"url\":\"https:\\\/\\\/www.mertz-design.dk\\\/en\\\/\",\"logo\":{\"@type\":\"ImageObject\",\"inLanguage\":\"en-US\",\"@id\":\"https:\\\/\\\/www.mertz-design.dk\\\/en\\\/#\\\/schema\\\/logo\\\/image\\\/\",\"url\":\"https:\\\/\\\/www.mertz-design.dk\\\/wp-content\\\/uploads\\\/2025\\\/01\\\/logo.png\",\"contentUrl\":\"https:\\\/\\\/www.mertz-design.dk\\\/wp-content\\\/uploads\\\/2025\\\/01\\\/logo.png\",\"width\":167,\"height\":47,\"caption\":\"Mertz Design\"},\"image\":{\"@id\":\"https:\\\/\\\/www.mertz-design.dk\\\/en\\\/#\\\/schema\\\/logo\\\/image\\\/\"}}]}<\/script>\n<!-- \/ Yoast SEO plugin. -->","yoast_head_json":{"title":"Series 7 Cover - Cowhide Beige\/White - Mertz Design","robots":{"index":"index","follow":"follow","max-snippet":"max-snippet:-1","max-image-preview":"max-image-preview:large","max-video-preview":"max-video-preview:-1"},"canonical":"https:\/\/www.mertz-design.dk\/en\/product\/series-7-cover-cowhide-beige-white\/","og_locale":"en_US","og_type":"article","og_title":"Series 7 Cover - Cowhide Beige\/White - Mertz Design","og_description":"Beskyt og forny din 7er-stol med et elegant l\u00e6derbetr\u00e6k i f\u00f8rsteklasses kvalitet. Designet til at bevare stolens ikoniske udtryk og tilf\u00f8je ekstra komfort. Nem montering uden v\u00e6rkt\u00f8j. Dansk design af Mertz-Design ApS.","og_url":"https:\/\/www.mertz-design.dk\/en\/product\/series-7-cover-cowhide-beige-white\/","og_site_name":"Mertz Design","article_modified_time":"2025-04-18T13:06:42+00:00","og_image":[{"width":1200,"height":1200,"url":"https:\/\/www.mertz-design.dk\/wp-content\/uploads\/2025\/02\/cow_beige_premium_mertz_cover_loose_front.jpg","type":"image\/jpeg"}],"twitter_card":"summary_large_image","twitter_misc":{"Est. reading time":"1 minute"},"schema":{"@context":"https:\/\/schema.org","@graph":[{"@type":"WebPage","@id":"https:\/\/www.mertz-design.dk\/en\/product\/series-7-cover-cowhide-beige-white\/","url":"https:\/\/www.mertz-design.dk\/en\/product\/series-7-cover-cowhide-beige-white\/","name":"Series 7 Cover - Cowhide Beige\/White - Mertz Design","isPartOf":{"@id":"https:\/\/www.mertz-design.dk\/en\/#website"},"primaryImageOfPage":{"@id":"https:\/\/www.mertz-design.dk\/en\/product\/series-7-cover-cowhide-beige-white\/#primaryimage"},"image":{"@id":"https:\/\/www.mertz-design.dk\/en\/product\/series-7-cover-cowhide-beige-white\/#primaryimage"},"thumbnailUrl":"https:\/\/www.mertz-design.dk\/wp-content\/uploads\/2025\/02\/cow_beige_premium_mertz_cover_loose_front.jpg","datePublished":"2025-04-18T13:05:33+00:00","dateModified":"2025-04-18T13:06:42+00:00","breadcrumb":{"@id":"https:\/\/www.mertz-design.dk\/en\/product\/series-7-cover-cowhide-beige-white\/#breadcrumb"},"inLanguage":"en-US","potentialAction":[{"@type":"ReadAction","target":["https:\/\/www.mertz-design.dk\/en\/product\/series-7-cover-cowhide-beige-white\/"]}]},{"@type":"ImageObject","inLanguage":"en-US","@id":"https:\/\/www.mertz-design.dk\/en\/product\/series-7-cover-cowhide-beige-white\/#primaryimage","url":"https:\/\/www.mertz-design.dk\/wp-content\/uploads\/2025\/02\/cow_beige_premium_mertz_cover_loose_front.jpg","contentUrl":"https:\/\/www.mertz-design.dk\/wp-content\/uploads\/2025\/02\/cow_beige_premium_mertz_cover_loose_front.jpg","width":1200,"height":1200},{"@type":"BreadcrumbList","@id":"https:\/\/www.mertz-design.dk\/en\/product\/series-7-cover-cowhide-beige-white\/#breadcrumb","itemListElement":[{"@type":"ListItem","position":1,"name":"Home","item":"https:\/\/www.mertz-design.dk\/en\/home\/"},{"@type":"ListItem","position":2,"name":"Store","item":"https:\/\/www.mertz-design.dk\/?page_id=125"},{"@type":"ListItem","position":3,"name":"Series 7 Cover &#8211; Cowhide Beige\/White"}]},{"@type":"WebSite","@id":"https:\/\/www.mertz-design.dk\/en\/#website","url":"https:\/\/www.mertz-design.dk\/en\/","name":"Mertz Design","description":"","publisher":{"@id":"https:\/\/www.mertz-design.dk\/en\/#organization"},"potentialAction":[{"@type":"SearchAction","target":{"@type":"EntryPoint","urlTemplate":"https:\/\/www.mertz-design.dk\/en\/?s={search_term_string}"},"query-input":{"@type":"PropertyValueSpecification","valueRequired":true,"valueName":"search_term_string"}}],"inLanguage":"en-US"},{"@type":"Organization","@id":"https:\/\/www.mertz-design.dk\/en\/#organization","name":"Mertz Design","url":"https:\/\/www.mertz-design.dk\/en\/","logo":{"@type":"ImageObject","inLanguage":"en-US","@id":"https:\/\/www.mertz-design.dk\/en\/#\/schema\/logo\/image\/","url":"https:\/\/www.mertz-design.dk\/wp-content\/uploads\/2025\/01\/logo.png","contentUrl":"https:\/\/www.mertz-design.dk\/wp-content\/uploads\/2025\/01\/logo.png","width":167,"height":47,"caption":"Mertz Design"},"image":{"@id":"https:\/\/www.mertz-design.dk\/en\/#\/schema\/logo\/image\/"}}]}},"_links":{"self":[{"href":"https:\/\/www.mertz-design.dk\/en\/wp-json\/wp\/v2\/product\/1462","targetHints":{"allow":["GET"]}}],"collection":[{"href":"https:\/\/www.mertz-design.dk\/en\/wp-json\/wp\/v2\/product"}],"about":[{"href":"https:\/\/www.mertz-design.dk\/en\/wp-json\/wp\/v2\/types\/product"}],"replies":[{"embeddable":true,"href":"https:\/\/www.mertz-design.dk\/en\/wp-json\/wp\/v2\/comments?post=1462"}],"wp:featuredmedia":[{"embeddable":true,"href":"https:\/\/www.mertz-design.dk\/en\/wp-json\/wp\/v2\/media\/553"}],"wp:attachment":[{"href":"https:\/\/www.mertz-design.dk\/en\/wp-json\/wp\/v2\/media?parent=1462"}],"wp:term":[{"taxonomy":"product_cat","embeddable":true,"href":"https:\/\/www.mertz-design.dk\/en\/wp-json\/wp\/v2\/product_cat?post=1462"},{"taxonomy":"product_tag","embeddable":true,"href":"https:\/\/www.mertz-design.dk\/en\/wp-json\/wp\/v2\/product_tag?post=1462"}],"curies":[{"name":"wp","href":"https:\/\/api.w.org\/{rel}","templated":true}]}}